{"id":6,"date":"2021-11-20T17:59:47","date_gmt":"2021-11-20T17:59:47","guid":{"rendered":"http:\/\/kancjonal.pl\/?page_id=6"},"modified":"2021-12-01T10:06:15","modified_gmt":"2021-12-01T10:06:15","slug":"zapraszamy-wkrotce","status":"publish","type":"page","link":"https:\/\/kancjonal.pl\/","title":{"rendered":""},"content":{"rendered":"\t\t<div data-elementor-type=\"wp-page\" data-elementor-id=\"6\" class=\"elementor elementor-6\" data-elementor-settings=\"[]\">\n\t\t\t\t\t\t\t<div class=\"elementor-section-wrap\">\n\t\t\t\t\t\t\t<section class=\"elementor-section elementor-top-section elementor-element elementor-element-6c13f48 elementor-section-full_width elementor-section-height-default elementor-section-height-default\" data-id=\"6c13f48\" data-element_type=\"section\">\n\t\t\t\t\t\t<div class=\"elementor-container elementor-column-gap-default\">\n\t\t\t\t\t<div class=\"elementor-column elementor-col-100 elementor-top-column elementor-element elementor-element-ba74137\" data-id=\"ba74137\" data-element_type=\"column\">\n\t\t\t<div class=\"elementor-widget-wrap elementor-element-populated\">\n\t\t\t\t\t\t\t\t<div class=\"elementor-element elementor-element-79df627 elementor-widget elementor-widget-heading\" data-id=\"79df627\" data-element_type=\"widget\" data-widget_type=\"heading.default\">\n\t\t\t\t<div class=\"elementor-widget-container\">\n\t\t\t<h1 class=\"elementor-heading-title elementor-size-default\">\u015apiewy religijne spo\u0142eczno\u015bci lutera\u0144skich w Polsce<\/h1>\t\t<\/div>\n\t\t\t\t<\/div>\n\t\t\t\t\t<\/div>\n\t\t<\/div>\n\t\t\t\t\t\t\t<\/div>\n\t\t<\/section>\n\t\t\t\t<section class=\"elementor-section elementor-top-section elementor-element elementor-element-e305b40 elementor-section-boxed elementor-section-height-default elementor-section-height-default\" data-id=\"e305b40\" data-element_type=\"section\">\n\t\t\t\t\t\t<div class=\"elementor-container elementor-column-gap-default\">\n\t\t\t\t\t<div class=\"elementor-column elementor-col-100 elementor-top-column elementor-element elementor-element-1e7b4b7\" data-id=\"1e7b4b7\" data-element_type=\"column\">\n\t\t\t<div class=\"elementor-widget-wrap elementor-element-populated\">\n\t\t\t\t\t\t\t\t<div class=\"elementor-element elementor-element-35e854d elementor-widget-divider--view-line elementor-widget elementor-widget-divider\" data-id=\"35e854d\" data-element_type=\"widget\" data-widget_type=\"divider.default\">\n\t\t\t\t<div class=\"elementor-widget-container\">\n\t\t\t\t\t<div class=\"elementor-divider\">\n\t\t\t<span class=\"elementor-divider-separator\">\n\t\t\t\t\t\t<\/span>\n\t\t<\/div>\n\t\t\t\t<\/div>\n\t\t\t\t<\/div>\n\t\t\t\t<div class=\"elementor-element elementor-element-3be0d4e elementor-widget elementor-widget-image\" data-id=\"3be0d4e\" data-element_type=\"widget\" data-widget_type=\"image.default\">\n\t\t\t\t<div class=\"elementor-widget-container\">\n\t\t\t\t\t\t\t\t\t\t\t\t\t\t\t<img width=\"800\" height=\"169\" src=\"https:\/\/kancjonal.pl\/wp-content\/uploads\/2021\/11\/baner-luter-1024x216.jpg\" class=\"attachment-large size-large\" alt=\"\" loading=\"lazy\" srcset=\"https:\/\/kancjonal.pl\/wp-content\/uploads\/2021\/11\/baner-luter-1024x216.jpg 1024w, https:\/\/kancjonal.pl\/wp-content\/uploads\/2021\/11\/baner-luter-300x63.jpg 300w, https:\/\/kancjonal.pl\/wp-content\/uploads\/2021\/11\/baner-luter-768x162.jpg 768w, https:\/\/kancjonal.pl\/wp-content\/uploads\/2021\/11\/baner-luter-1536x325.jpg 1536w, https:\/\/kancjonal.pl\/wp-content\/uploads\/2021\/11\/baner-luter.jpg 1784w\" sizes=\"(max-width: 800px) 100vw, 800px\" \/>\t\t\t\t\t\t\t\t\t\t\t\t\t\t\t<\/div>\n\t\t\t\t<\/div>\n\t\t\t\t\t<\/div>\n\t\t<\/div>\n\t\t\t\t\t\t\t<\/div>\n\t\t<\/section>\n\t\t\t\t<section class=\"elementor-section elementor-top-section elementor-element elementor-element-c726cca elementor-section-boxed elementor-section-height-default elementor-section-height-default\" data-id=\"c726cca\" data-element_type=\"section\">\n\t\t\t\t\t\t<div class=\"elementor-container elementor-column-gap-default\">\n\t\t\t\t\t<div class=\"elementor-column elementor-col-100 elementor-top-column elementor-element elementor-element-9205d14\" data-id=\"9205d14\" data-element_type=\"column\">\n\t\t\t<div class=\"elementor-widget-wrap elementor-element-populated\">\n\t\t\t\t\t\t\t\t<div class=\"elementor-element elementor-element-939a15f elementor-widget elementor-widget-text-editor\" data-id=\"939a15f\" data-element_type=\"widget\" data-widget_type=\"text-editor.default\">\n\t\t\t\t<div class=\"elementor-widget-container\">\n\t\t\t\t\t\t\t<h1 style=\"text-align: center;\">Strona w przygotowaniu &#8211; zapraszam wkr\u00f3tce! <\/h1><p>Arleta Nawrocka-Wysocka arletanw@gmail.com<\/p>\t\t\t\t\t\t<\/div>\n\t\t\t\t<\/div>\n\t\t\t\t\t<\/div>\n\t\t<\/div>\n\t\t\t\t\t\t\t<\/div>\n\t\t<\/section>\n\t\t\t\t\t\t<\/div>\n\t\t\t\t\t<\/div>\n\t\t","protected":false},"excerpt":{"rendered":"<p>\u015apiewy religijne spo\u0142eczno\u015bci lutera\u0144skich w Polsce Strona w przygotowaniu &#8211; zapraszam wkr\u00f3tce! Arleta Nawrocka-Wysocka arletanw@gmail.com<\/p>\n","protected":false},"author":2,"featured_media":0,"parent":0,"menu_order":0,"comment_status":"closed","ping_status":"closed","template":"elementor_header_footer","meta":[],"_links":{"self":[{"href":"https:\/\/kancjonal.pl\/index.php\/wp-json\/wp\/v2\/pages\/6"}],"collection":[{"href":"https:\/\/kancjonal.pl\/index.php\/wp-json\/wp\/v2\/pages"}],"about":[{"href":"https:\/\/kancjonal.pl\/index.php\/wp-json\/wp\/v2\/types\/page"}],"author":[{"embeddable":true,"href":"https:\/\/kancjonal.pl\/index.php\/wp-json\/wp\/v2\/users\/2"}],"replies":[{"embeddable":true,"href":"https:\/\/kancjonal.pl\/index.php\/wp-json\/wp\/v2\/comments?post=6"}],"version-history":[{"count":47,"href":"https:\/\/kancjonal.pl\/index.php\/wp-json\/wp\/v2\/pages\/6\/revisions"}],"predecessor-version":[{"id":228,"href":"https:\/\/kancjonal.pl\/index.php\/wp-json\/wp\/v2\/pages\/6\/revisions\/228"}],"wp:attachment":[{"href":"https:\/\/kancjonal.pl\/index.php\/wp-json\/wp\/v2\/media?parent=6"}],"curies":[{"name":"wp","href":"https:\/\/api.w.org\/{rel}","templated":true}]}}